{"id":226,"date":"2020-05-24T08:53:46","date_gmt":"2020-05-24T08:53:46","guid":{"rendered":"https:\/\/lloretdemarinfo.com\/?page_id=226"},"modified":"2020-05-24T09:34:14","modified_gmt":"2020-05-24T09:34:14","slug":"kortingscodes-en-aanbiedingen-accommodaties-lloret-de-mar","status":"publish","type":"page","link":"https:\/\/www.clubvillamar.de\/content\/lloret-de-mar\/de\/angebote-und-rabattcodes-lloret-de-mar-costa-brava\/rabattcodes-und-angebote-unterkunfte-lloret-de-mar\/","title":{"rendered":"Rabattcodes und Angebote Unterkunft Lloret de Mar."},"content":{"rendered":"<p>Es gibt so viel Spa\u00df in Lloret de Mar zu tun! Wei\u00dft du, was es noch lustiger macht? Rabatte und Angebote f\u00fcr Ihren Aufenthalt. So schl\u00e4fst du noch besser! Ob Sie eine Luxusvilla mieten oder in einem Ferienhaus, einer Ferienvilla, einer Wohnung, einem Hotel oder auf dem Campingplatz \u00fcbernachten ... Mit einem sch\u00f6nen Rabatt macht alles noch mehr Spa\u00df! <\/p>\n\n\n\n<p>Auf dieser Seite finden Sie Angebote und Rabattcodes von Unterkunftsanbietern in Lloret de Mar. Nutzen Sie es zu Ihrem Vorteil! Wenn Sie einen Rabattcode f\u00fcr einen Rabatt auf Ihre Aktivit\u00e4ten in Lloret de Mar w\u00fcnschen, klicken Sie hier!<\/p>\n\n\n\n<h2 class=\"wp-block-heading\">Club Villamar Rabattcode!<\/h2>\n\n\n\n<figure class=\"wp-block-image size-large\"><a href=\"https:\/\/www.clubvillamar.nl\" target=\"_blank\" rel=\"noopener noreferrer\"><img loading=\"lazy\" decoding=\"async\" width=\"1024\" height=\"678\" src=\"\/content\/lloret-de-mar\/wp-content\/uploads\/2020\/05\/romana3-1024x678.jpg\" alt=\"\" class=\"wp-image-228\" srcset=\"https:\/\/www.clubvillamar.de\/content\/lloret-de-mar\/wp-content\/uploads\/2020\/05\/romana3-1024x678.jpg 1024w, https:\/\/www.clubvillamar.de\/content\/lloret-de-mar\/wp-content\/uploads\/2020\/05\/romana3-300x199.jpg 300w, https:\/\/www.clubvillamar.de\/content\/lloret-de-mar\/wp-content\/uploads\/2020\/05\/romana3-768x509.jpg 768w, https:\/\/www.clubvillamar.de\/content\/lloret-de-mar\/wp-content\/uploads\/2020\/05\/romana3.jpg 1200w\" sizes=\"(max-width: 1024px) 100vw, 1024px\" \/><\/a><figcaption>Club Villamar: Der unbestrittene Marktf\u00fchrer bei der Vermietung von Villen und Ferienh\u00e4usern an der Costa Brava (Spanien). Jetzt mit Rabatt!<\/figcaption><\/figure>\n\n\n\n<p>Wenn Sie sich darauf konzentriert haben, eine Luxusferienvilla oder ein Ferienhaus in Lloret de Mar zu mieten, haben Sie bereits festgestellt, dass Sie den Club Villamar nicht ignorieren k\u00f6nnen!<\/p>\n\n\n\n<p>Der Club Villamar ist der absolute Marktf\u00fchrer f\u00fcr Ferienwohnungen in Lloret und verf\u00fcgt buchst\u00e4blich \u00fcber Hunderte von Villen und Ferienwohnungen in Lloret de Mar und im Rest der Costa Brava. Sie bieten tats\u00e4chlich Ferienh\u00e4user und Residenzen in ganz Spanien an (\u00fcber 3500). So finden Sie auf ihrer Website <a aria-label=\"www.clubvillamar.nl (\u00f6ffnet in einem neuen Tab)\" href=\"https:\/\/www.clubvillamar.nl\" target=\"_blank\" rel=\"noreferrer noopener\" class=\"rank-math-link\">www.clubvillamar.de<\/a> buchst\u00e4blich Tausende von Villen mit privatem Pool. <\/p>\n\n\n\n<p>M\u00f6chten Sie mit Ihren Freunden oder Ihrer Familie eine Ferienvilla mieten? Scheint dies eine perfekte Option zu sein, um die Nacht in Lloret de Mar zu verbringen? Dann haben wir (in Zusammenarbeit mit Club Villamar) hier einen Rabattcode f\u00fcr Sie:<\/p>\n\n\n\n<p><strong>lloretdemarinfo.com 50<\/strong><\/p>\n\n\n\n<p>Sie geben diesen Code bei der Buchung im 2. Schritt ein und erhalten sofort einen Skonto von 50 Euro. Perfekt, oder? Ein weiteres kostenloses Mittagessen am Strand von Lloret mit Ihren Freunden oder Ihrer Familie!<\/p>\n\n\n\n<p><strong>Sie k\u00f6nnen diese Seite auch ganz einfach mit Ihren Freunden in den sozialen Medien teilen (siehe die Optionen auf dieser Seite)! <\/strong><\/p>\n\n\n\n<p><strong>Dann kann jeder im Club Villamar einen Rabatt genie\u00dfen!<\/strong><\/p>\n\n\n\n<p>Bitte beachten Sie: <\/p>\n\n\n\n<ul><li>Dieser Rabattcode kann nicht mit anderen Rabatten kombiniert werden<\/li><li>Dieser Rabatt gilt f\u00fcr alle Objekte auf www.clubvillamar.nl<\/li><li>Dieser Rabatt hat eine begrenzte G\u00fcltigkeit, nutzen Sie ihn also schnell! Gehe zu <a href=\"https:\/\/www.clubvillamar.nl\" target=\"_blank\" aria-label=\"www.clubvillamar.nl (\u00f6ffnet in einem neuen Tab)\" rel=\"noreferrer noopener\" class=\"rank-math-link\">www.clubvillamar.de<\/a> und buchen Sie jetzt und mieten Sie eine so tolle Villa mit privatem Pool in Lloret de Mar!<\/li><\/ul>","protected":false},"excerpt":{"rendered":"<p>In Lloret de Mar gibt es so viel Spa\u00df zu erleben! Wei\u00dft du, was es noch lustiger macht? Rabatte und Angebote f\u00fcr Ihren Aufenthalt. So schlafen Sie noch besser! wenn du<\/p>","protected":false},"author":2,"featured_media":228,"parent":223,"menu_order":0,"comment_status":"closed","ping_status":"closed","template":"","meta":{"om_disable_all_campaigns":false,"footnotes":""},"_links":{"self":[{"href":"https:\/\/www.clubvillamar.de\/content\/lloret-de-mar\/de\/wp-json\/wp\/v2\/pages\/226"}],"collection":[{"href":"https:\/\/www.clubvillamar.de\/content\/lloret-de-mar\/de\/wp-json\/wp\/v2\/pages"}],"about":[{"href":"https:\/\/www.clubvillamar.de\/content\/lloret-de-mar\/de\/wp-json\/wp\/v2\/types\/page"}],"author":[{"embeddable":true,"href":"https:\/\/www.clubvillamar.de\/content\/lloret-de-mar\/de\/wp-json\/wp\/v2\/users\/2"}],"replies":[{"embeddable":true,"href":"https:\/\/www.clubvillamar.de\/content\/lloret-de-mar\/de\/wp-json\/wp\/v2\/comments?post=226"}],"version-history":[{"count":7,"href":"https:\/\/www.clubvillamar.de\/content\/lloret-de-mar\/de\/wp-json\/wp\/v2\/pages\/226\/revisions"}],"predecessor-version":[{"id":242,"href":"https:\/\/www.clubvillamar.de\/content\/lloret-de-mar\/de\/wp-json\/wp\/v2\/pages\/226\/revisions\/242"}],"up":[{"embeddable":true,"href":"https:\/\/www.clubvillamar.de\/content\/lloret-de-mar\/de\/wp-json\/wp\/v2\/pages\/223"}],"wp:featuredmedia":[{"embeddable":true,"href":"https:\/\/www.clubvillamar.de\/content\/lloret-de-mar\/de\/wp-json\/wp\/v2\/media\/228"}],"wp:attachment":[{"href":"https:\/\/www.clubvillamar.de\/content\/lloret-de-mar\/de\/wp-json\/wp\/v2\/media?parent=226"}],"curies":[{"name":"wp","href":"https:\/\/api.w.org\/{rel}","templated":true}]}}