{"id":223,"date":"2020-05-24T08:55:24","date_gmt":"2020-05-24T08:55:24","guid":{"rendered":"https:\/\/lloretdemarinfo.com\/?page_id=223"},"modified":"2020-05-24T09:39:11","modified_gmt":"2020-05-24T09:39:11","slug":"aanbiedingen-en-kortingscodes-lloret-de-mar-costa-brava","status":"publish","type":"page","link":"https:\/\/www.clubvillamar.de\/content\/lloret-de-mar\/de\/angebote-und-rabattcodes-lloret-de-mar-costa-brava\/","title":{"rendered":"Angebote und Rabattcodes Lloret de Mar (Costa Brava) - speziell f\u00fcr Sie!"},"content":{"rendered":"<p>Willkommen zur \u00dcbersicht von <strong>Angebote und Rabattcodes<\/strong> insbesondere f\u00fcr Aufenthalte (Unterk\u00fcnfte) und Aktivit\u00e4ten <strong>Lloret de Mar an der Costa Brava<\/strong>. Wir bieten unter anderem auch Preisnachl\u00e4sse f\u00fcr Reisen nach Girona und Barcelona an. <\/p>\n\n\n\n<p>In Lloret de Mar gibt es wirklich viel zu tun, viel zu sehen und viel zu erleben, aber es macht nat\u00fcrlich noch mehr Spa\u00df, wenn Sie mit einem Rabattcode weniger daf\u00fcr bezahlen m\u00fcssen! Egal, ob Sie eine Luxusvilla mieten, einen unterhaltsamen Tag in der Waterpark Waterworld verbringen oder eine andere Aktivit\u00e4t, ein guter Rabattcode ist nie weg!<\/p>\n\n\n\n<p>Deshalb helfen wir Ihnen mit Rabattcodes und Angeboten f\u00fcr Ihren Urlaub in Lloret! Nachfolgend finden Sie eine \u00dcbersicht der Rabattcodes. Wir w\u00fcnschen Ihnen viel Spa\u00df (f\u00fcr weniger Geld ;-)) in Lloret de Mar.<\/p>\n\n\n\n<p>M\u00f6chten Sie, dass andere von diesen Rabatten profitieren? Teil <strong>Diese Seite einfach in den sozialen Medien<\/strong>sehen Sie die M\u00f6glichkeiten auf dieser Seite.<\/p>\n\n\n\n<h2 class=\"wp-block-heading\"><a aria-label=\"Unterkunftsrabatt in Lloret de Mar (\u00f6ffnet sich in einem neuen Tab)\" href=\"\/content\/lloret-de-mar\/de\/kortingscodes-en-aanbiedingen-accommodaties-lloret-de-mar\/\" target=\"_blank\" rel=\"noreferrer noopener\" class=\"rank-math-link\">Unterkunftsrabatt In Lloret de Mar.<\/a> (Klicke hier)<\/h2>\n\n\n\n<figure class=\"wp-block-image size-large\"><img loading=\"lazy\" decoding=\"async\" width=\"800\" height=\"536\" src=\"\/content\/lloret-de-mar\/wp-content\/uploads\/2020\/05\/l6.jpg\" alt=\"\" class=\"wp-image-224\" srcset=\"https:\/\/www.clubvillamar.de\/content\/lloret-de-mar\/wp-content\/uploads\/2020\/05\/l6.jpg 800w, https:\/\/www.clubvillamar.de\/content\/lloret-de-mar\/wp-content\/uploads\/2020\/05\/l6-300x201.jpg 300w, https:\/\/www.clubvillamar.de\/content\/lloret-de-mar\/wp-content\/uploads\/2020\/05\/l6-768x515.jpg 768w\" sizes=\"(max-width: 800px) 100vw, 800px\" \/><figcaption><a href=\"\/content\/lloret-de-mar\/de\/aanbiedingen-en-kortingscodes-lloret-de-mar-costa-brava\/kortingscodes-en-aanbiedingen-accommodaties-lloret-de-mar\/\" target=\"_blank\" aria-label=\"Rabattcodes f\u00fcr Unterk\u00fcnfte in Lloret de Mar (\u00f6ffnet in einem neuen Tab)\" rel=\"noreferrer noopener\" class=\"rank-math-link\">Rabattcodes f\u00fcr Unterk\u00fcnfte in Lloret de Mar.<\/a><\/figcaption><\/figure>\n\n\n\n<h2 class=\"wp-block-heading\">Aktivit\u00e4ten Rabatt Lloret de Mar.<\/h2>\n\n\n\n<figure class=\"wp-block-image size-large\"><img loading=\"lazy\" decoding=\"async\" width=\"1000\" height=\"665\" src=\"\/content\/lloret-de-mar\/wp-content\/uploads\/2020\/05\/Wat-te-doen-in-Lloret-de-Mar-Aventura-Park.jpg\" alt=\"\" class=\"wp-image-161\" srcset=\"https:\/\/www.clubvillamar.de\/content\/lloret-de-mar\/wp-content\/uploads\/2020\/05\/Wat-te-doen-in-Lloret-de-Mar-Aventura-Park.jpg 1000w, https:\/\/www.clubvillamar.de\/content\/lloret-de-mar\/wp-content\/uploads\/2020\/05\/Wat-te-doen-in-Lloret-de-Mar-Aventura-Park-300x200.jpg 300w, https:\/\/www.clubvillamar.de\/content\/lloret-de-mar\/wp-content\/uploads\/2020\/05\/Wat-te-doen-in-Lloret-de-Mar-Aventura-Park-768x511.jpg 768w\" sizes=\"(max-width: 1000px) 100vw, 1000px\" \/><figcaption>Rabatte und Angebote f\u00fcr Aktivit\u00e4ten in Lloret<\/figcaption><\/figure>","protected":false},"excerpt":{"rendered":"<p>Willkommen bei der \u00dcbersicht der Angebote und Rabattcodes f\u00fcr Aufenthalte (Unterk\u00fcnfte) und Aktivit\u00e4ten insbesondere in Lloret de Mar an der Costa Brava. Wir bieten Ihnen auch Preisnachl\u00e4sse f\u00fcr<\/p>","protected":false},"author":2,"featured_media":224,"parent":0,"menu_order":0,"comment_status":"closed","ping_status":"closed","template":"","meta":{"om_disable_all_campaigns":false,"footnotes":""},"_links":{"self":[{"href":"https:\/\/www.clubvillamar.de\/content\/lloret-de-mar\/de\/wp-json\/wp\/v2\/pages\/223"}],"collection":[{"href":"https:\/\/www.clubvillamar.de\/content\/lloret-de-mar\/de\/wp-json\/wp\/v2\/pages"}],"about":[{"href":"https:\/\/www.clubvillamar.de\/content\/lloret-de-mar\/de\/wp-json\/wp\/v2\/types\/page"}],"author":[{"embeddable":true,"href":"https:\/\/www.clubvillamar.de\/content\/lloret-de-mar\/de\/wp-json\/wp\/v2\/users\/2"}],"replies":[{"embeddable":true,"href":"https:\/\/www.clubvillamar.de\/content\/lloret-de-mar\/de\/wp-json\/wp\/v2\/comments?post=223"}],"version-history":[{"count":7,"href":"https:\/\/www.clubvillamar.de\/content\/lloret-de-mar\/de\/wp-json\/wp\/v2\/pages\/223\/revisions"}],"predecessor-version":[{"id":243,"href":"https:\/\/www.clubvillamar.de\/content\/lloret-de-mar\/de\/wp-json\/wp\/v2\/pages\/223\/revisions\/243"}],"wp:featuredmedia":[{"embeddable":true,"href":"https:\/\/www.clubvillamar.de\/content\/lloret-de-mar\/de\/wp-json\/wp\/v2\/media\/224"}],"wp:attachment":[{"href":"https:\/\/www.clubvillamar.de\/content\/lloret-de-mar\/de\/wp-json\/wp\/v2\/media?parent=223"}],"curies":[{"name":"wp","href":"https:\/\/api.w.org\/{rel}","templated":true}]}}